{"id":4136,"date":"2016-03-08T11:25:42","date_gmt":"2016-03-08T14:25:42","guid":{"rendered":"http:\/\/www.mlonquimay.cl\/web\/?page_id=4136"},"modified":"2016-03-08T13:27:42","modified_gmt":"2016-03-08T16:27:42","slug":"como-llegar-a-lonquimay","status":"publish","type":"page","link":"https:\/\/www.mlonquimay.cl\/web\/como-llegar-a-lonquimay\/","title":{"rendered":"\u00bfC\u00f3mo llegar a Lonquimay?"},"content":{"rendered":"<h1 style=\"text-align: center;\"><strong><span style=\"color: #0000ff;\">Rutas hacia Lonquimay<\/span><\/strong><\/h1>\n<figure id=\"attachment_4140\" aria-describedby=\"caption-attachment-4140\" style=\"width: 453px\" class=\"wp-caption aligncenter\"><a href=\"https:\/\/www.mlonquimay.cl\/web\/wp-content\/uploads\/2016\/03\/mapa-como-llegar-a-lonquimay-2.jpg\" target=\"_blank\" rel=\"attachment wp-att-4140\"><img fetchpriority=\"high\" decoding=\"async\" class=\"wp-image-4140\" src=\"https:\/\/www.mlonquimay.cl\/web\/wp-content\/uploads\/2016\/03\/mapa-como-llegar-a-lonquimay-2-300x205.jpg\" alt=\"mapa como llegar a lonquimay 2\" width=\"453\" height=\"310\" srcset=\"https:\/\/www.mlonquimay.cl\/web\/wp-content\/uploads\/2016\/03\/mapa-como-llegar-a-lonquimay-2-300x205.jpg 300w, https:\/\/www.mlonquimay.cl\/web\/wp-content\/uploads\/2016\/03\/mapa-como-llegar-a-lonquimay-2-768x525.jpg 768w, https:\/\/www.mlonquimay.cl\/web\/wp-content\/uploads\/2016\/03\/mapa-como-llegar-a-lonquimay-2-250x171.jpg 250w, https:\/\/www.mlonquimay.cl\/web\/wp-content\/uploads\/2016\/03\/mapa-como-llegar-a-lonquimay-2.jpg 880w\" sizes=\"(max-width: 453px) 100vw, 453px\" \/><\/a><figcaption id=\"caption-attachment-4140\" class=\"wp-caption-text\">Mapa de las rutas hacia Lonquimay<\/figcaption><\/figure>\n<p>&nbsp;<\/p>\n<h1 style=\"text-align: center;\"><span style=\"color: #0000ff;\"><strong>Buses hacia y desde Lonquimay<\/strong><\/span><\/h1>\n<p><a href=\"https:\/\/www.mlonquimay.cl\/web\/wp-content\/uploads\/2016\/03\/Horario-de-buses-1.jpg\" target=\"_blank\"><img decoding=\"async\" class=\"aligncenter wp-image-4144 size-large\" src=\"https:\/\/www.mlonquimay.cl\/web\/wp-content\/uploads\/2016\/03\/Horario-de-buses-1-1024x791.jpg\" alt=\"Horario de buses\" width=\"900\" height=\"695\" srcset=\"https:\/\/www.mlonquimay.cl\/web\/wp-content\/uploads\/2016\/03\/Horario-de-buses-1-1024x791.jpg 1024w, https:\/\/www.mlonquimay.cl\/web\/wp-content\/uploads\/2016\/03\/Horario-de-buses-1-300x232.jpg 300w, https:\/\/www.mlonquimay.cl\/web\/wp-content\/uploads\/2016\/03\/Horario-de-buses-1-768x593.jpg 768w, https:\/\/www.mlonquimay.cl\/web\/wp-content\/uploads\/2016\/03\/Horario-de-buses-1-250x193.jpg 250w\" sizes=\"(max-width: 900px) 100vw, 900px\" \/><\/a><\/p>\n<h3><strong>Datos de los servicios:<\/strong><\/h3>\n<p>Buses B\u00edo B\u00edo Temuco<\/p>\n<ul>\n<li>Direcci\u00f3n: Lautaro #853, Temuco<\/li>\n<li>Tel\u00e9fono: 45 &#8211; 2657877<\/li>\n<\/ul>\n<p>Buses B\u00edo B\u00edo Lonquimay<\/p>\n<ul>\n<li>Direcci\u00f3n: Ignacio Carrera Pinto #206, Lonquimay<\/li>\n<li>Tel\u00e9fono: 45 &#8211; 2465358<\/li>\n<\/ul>\n<p>Buses Erbuc Temuco<\/p>\n<ul>\n<li>Direcci\u00f3n: Avenida Anibal Pinto #32, Temuco<\/li>\n<li>Tel\u00e9fono: S\/N<\/li>\n<\/ul>\n<p>Buses Erbuc Lonquimay<\/p>\n<ul>\n<li>Direcci\u00f3n: Avenida Diego Portales #910, Lonquimay<\/li>\n<li>Tel\u00e9fono: 45 &#8211; 2627326<\/li>\n<\/ul>\n<p>&nbsp;<\/p>\n<p>&nbsp;<\/p>\n","protected":false},"excerpt":{"rendered":"<p>Rutas hacia Lonquimay &nbsp; Buses hacia y desde Lonquimay Datos de los servicios: Buses B\u00edo B\u00edo Temuco Direcci\u00f3n: Lautaro #853, [&hellip;]<\/p>\n","protected":false},"author":2,"featured_media":0,"parent":0,"menu_order":0,"comment_status":"closed","ping_status":"closed","template":"","meta":{"site-sidebar-layout":"default","site-content-layout":"","ast-site-content-layout":"default","site-content-style":"default","site-sidebar-style":"default","ast-global-header-display":"","ast-banner-title-visibility":"","ast-main-header-display":"","ast-hfb-above-header-display":"","ast-hfb-below-header-display":"","ast-hfb-mobile-header-display":"","site-post-title":"","ast-breadcrumbs-content":"","ast-featured-img":"","footer-sml-layout":"","ast-disable-related-posts":"","theme-transparent-header-meta":"","adv-header-id-meta":"","stick-header-meta":"","header-above-stick-meta":"","header-main-stick-meta":"","header-below-stick-meta":"","astra-migrate-meta-layouts":"default","ast-page-background-enabled":"default","ast-page-background-meta":{"desktop":{"background-color":"var(--ast-global-color-4)","background-image":"","background-repeat":"repeat","background-position":"center center","background-size":"auto","background-attachment":"scroll","background-type":"","background-media":"","overlay-type":"","overlay-color":"","overlay-opacity":"","overlay-gradient":""},"tablet":{"background-color":"","background-image":"","background-repeat":"repeat","background-position":"center center","background-size":"auto","background-attachment":"scroll","background-type":"","background-media":"","overlay-type":"","overlay-color":"","overlay-opacity":"","overlay-gradient":""},"mobile":{"background-color":"","background-image":"","background-repeat":"repeat","background-position":"center center","background-size":"auto","background-attachment":"scroll","background-type":"","background-media":"","overlay-type":"","overlay-color":"","overlay-opacity":"","overlay-gradient":""}},"ast-content-background-meta":{"desktop":{"background-color":"var(--ast-global-color-5)","background-image":"","background-repeat":"repeat","background-position":"center center","background-size":"auto","background-attachment":"scroll","background-type":"","background-media":"","overlay-type":"","overlay-color":"","overlay-opacity":"","overlay-gradient":""},"tablet":{"background-color":"var(--ast-global-color-5)","background-image":"","background-repeat":"repeat","background-position":"center center","background-size":"auto","background-attachment":"scroll","background-type":"","background-media":"","overlay-type":"","overlay-color":"","overlay-opacity":"","overlay-gradient":""},"mobile":{"background-color":"var(--ast-global-color-5)","background-image":"","background-repeat":"repeat","background-position":"center center","background-size":"auto","background-attachment":"scroll","background-type":"","background-media":"","overlay-type":"","overlay-color":"","overlay-opacity":"","overlay-gradient":""}},"footnotes":""},"class_list":["post-4136","page","type-page","status-publish","hentry"],"_links":{"self":[{"href":"https:\/\/www.mlonquimay.cl\/web\/wp-json\/wp\/v2\/pages\/4136","targetHints":{"allow":["GET"]}}],"collection":[{"href":"https:\/\/www.mlonquimay.cl\/web\/wp-json\/wp\/v2\/pages"}],"about":[{"href":"https:\/\/www.mlonquimay.cl\/web\/wp-json\/wp\/v2\/types\/page"}],"author":[{"embeddable":true,"href":"https:\/\/www.mlonquimay.cl\/web\/wp-json\/wp\/v2\/users\/2"}],"replies":[{"embeddable":true,"href":"https:\/\/www.mlonquimay.cl\/web\/wp-json\/wp\/v2\/comments?post=4136"}],"version-history":[{"count":0,"href":"https:\/\/www.mlonquimay.cl\/web\/wp-json\/wp\/v2\/pages\/4136\/revisions"}],"wp:attachment":[{"href":"https:\/\/www.mlonquimay.cl\/web\/wp-json\/wp\/v2\/media?parent=4136"}],"curies":[{"name":"wp","href":"https:\/\/api.w.org\/{rel}","templated":true}]}}